{"id":3928,"date":"2024-12-16T15:02:06","date_gmt":"2024-12-16T18:02:06","guid":{"rendered":"https:\/\/jbinstrumentos.com.br\/?page_id=3928"},"modified":"2024-12-16T15:05:59","modified_gmt":"2024-12-16T18:05:59","slug":"uma-mensagem-especial-de-joao-batista","status":"publish","type":"page","link":"https:\/\/jbinstrumentos.com.br\/en\/uma-mensagem-especial-de-joao-batista\/","title":{"rendered":"A Special Message from John the Baptist"},"content":{"rendered":"<div data-elementor-type=\"wp-page\" data-elementor-id=\"3928\" class=\"elementor elementor-3928\" data-elementor-post-type=\"page\">\n\t\t\t\t\t\t\t\t\t<section class=\"elementor-section elementor-top-section elementor-element elementor-element-9a28932 elementor-section-height-min-height elementor-section-boxed elementor-section-height-default elementor-section-items-middle elementor-invisible\" data-id=\"9a28932\" data-element_type=\"section\" data-settings=\"{&quot;background_background&quot;:&quot;classic&quot;,&quot;animation&quot;:&quot;fadeInDown&quot;}\">\n\t\t\t\t\t\t<div class=\"elementor-container elementor-column-gap-default\">\n\t\t\t\t\t<div class=\"elementor-column elementor-col-100 elementor-top-column elementor-element elementor-element-3f47ea6\" data-id=\"3f47ea6\" data-element_type=\"column\">\n\t\t\t<div class=\"elementor-widget-wrap elementor-element-populated\">\n\t\t\t\t\t\t\t\t<div class=\"elementor-element elementor-element-0f21bdd elementor-widget elementor-widget-heading\" data-id=\"0f21bdd\" data-element_type=\"widget\" data-widget_type=\"heading.default\">\n\t\t\t\t<div class=\"elementor-widget-container\">\n\t\t\t<h2 class=\"elementor-heading-title elementor-size-default\">&quot;A Special Message from John the Baptist&quot;<\/h2>\t\t<\/div>\n\t\t\t\t<\/div>\n\t\t\t\t\t<\/div>\n\t\t<\/div>\n\t\t\t\t\t\t\t<\/div>\n\t\t<\/section>\n\t\t\t\t<section class=\"elementor-section elementor-top-section elementor-element elementor-element-f4e2ca0 elementor-section-boxed elementor-section-height-default elementor-section-height-default\" data-id=\"f4e2ca0\" data-element_type=\"section\">\n\t\t\t\t\t\t<div class=\"elementor-container elementor-column-gap-default\">\n\t\t\t\t\t<div class=\"elementor-column elementor-col-100 elementor-top-column elementor-element elementor-element-5b8b93c\" data-id=\"5b8b93c\" data-element_type=\"column\">\n\t\t\t<div class=\"elementor-widget-wrap elementor-element-populated\">\n\t\t\t\t\t\t\t\t<div class=\"elementor-element elementor-element-6d4a2a8 elementor-widget elementor-widget-spacer\" data-id=\"6d4a2a8\" data-element_type=\"widget\" data-widget_type=\"spacer.default\">\n\t\t\t\t<div class=\"elementor-widget-container\">\n\t\t\t\t\t<div class=\"elementor-spacer\">\n\t\t\t<div class=\"elementor-spacer-inner\"><\/div>\n\t\t<\/div>\n\t\t\t\t<\/div>\n\t\t\t\t<\/div>\n\t\t\t\t\t<\/div>\n\t\t<\/div>\n\t\t\t\t\t\t\t<\/div>\n\t\t<\/section>\n\t\t\t\t<section class=\"elementor-section elementor-top-section elementor-element elementor-element-83a980f elementor-section-boxed elementor-section-height-default elementor-section-height-default elementor-invisible\" data-id=\"83a980f\" data-element_type=\"section\" data-settings=\"{&quot;animation&quot;:&quot;fadeInUp&quot;}\">\n\t\t\t\t\t\t<div class=\"elementor-container elementor-column-gap-default\">\n\t\t\t\t\t<div class=\"elementor-column elementor-col-100 elementor-top-column elementor-element elementor-element-6a67691\" data-id=\"6a67691\" data-element_type=\"column\">\n\t\t\t<div class=\"elementor-widget-wrap elementor-element-populated\">\n\t\t\t\t\t\t\t\t<section class=\"elementor-section elementor-inner-section elementor-element elementor-element-69ea7ca elementor-section-height-min-height elementor-section-boxed elementor-section-height-default\" data-id=\"69ea7ca\" data-element_type=\"section\">\n\t\t\t\t\t\t<div class=\"elementor-container elementor-column-gap-default\">\n\t\t\t\t\t<div class=\"elementor-column elementor-col-50 elementor-inner-column elementor-element elementor-element-62481a4\" data-id=\"62481a4\" data-element_type=\"column\">\n\t\t\t<div class=\"elementor-widget-wrap elementor-element-populated\">\n\t\t\t\t\t\t\t\t<div class=\"elementor-element elementor-element-2c54443 elementor-widget elementor-widget-heading\" data-id=\"2c54443\" data-element_type=\"widget\" data-widget_type=\"heading.default\">\n\t\t\t\t<div class=\"elementor-widget-container\">\n\t\t\t<h2 class=\"elementor-heading-title elementor-size-default\">Dear Customers,\n<\/h2>\t\t<\/div>\n\t\t\t\t<\/div>\n\t\t\t\t<div class=\"elementor-element elementor-element-f193bed elementor-widget elementor-widget-text-editor\" data-id=\"f193bed\" data-element_type=\"widget\" data-widget_type=\"text-editor.default\">\n\t\t\t\t<div class=\"elementor-widget-container\">\n\t\t\t\t\t\t\t<p>It is with mixed emotions that I come to share an important decision about my professional career. After many years dedicated to the art of making and repairing instruments, I have decided to end my career as a Luthier. This decision was not made lightly, but with a heart full of gratitude and unforgettable memories that I have built over the years alongside you.<\/p><p>To mark this special moment and as a way of thanking you for the support and trust you have always given me, I am pleased to announce the launch of my <strong>Premium Line<\/strong> farewell. This exclusive collection represents the pinnacle of my expertise and passion for Lutherie, and was created with the utmost care and attention to detail that has always guided my work.<\/p><p>Each instrument of this <strong>Premium Line<\/strong> It is a unique piece, the result of years of experience and innovation, and represents the pinnacle of what I have always sought to offer: unparalleled sound quality, aesthetic beauty and durability. It is my way of leaving a lasting legacy and expressing my gratitude to each of you who have been part of this journey.<\/p><p>I am so grateful for every moment shared, for the stories told and the sounds we created together. Keep making music, expressing your emotions and touching hearts. I am confident that this farewell line will be an everlasting reminder of the special bond we have built.<\/p><p><strong>With best regards and eternal gratitude,<\/strong><br \/><strong>Jo\u00e3o Batista<\/strong><\/p>\t\t\t\t\t\t<\/div>\n\t\t\t\t<\/div>\n\t\t\t\t\t<\/div>\n\t\t<\/div>\n\t\t\t\t<div class=\"elementor-column elementor-col-50 elementor-inner-column elementor-element elementor-element-fea8e30\" data-id=\"fea8e30\" data-element_type=\"column\">\n\t\t\t<div class=\"elementor-widget-wrap elementor-element-populated\">\n\t\t\t\t\t\t\t\t<div class=\"elementor-element elementor-element-7867914 elementor-widget elementor-widget-image\" data-id=\"7867914\" data-element_type=\"widget\" data-widget_type=\"image.default\">\n\t\t\t\t<div class=\"elementor-widget-container\">\n\t\t\t\t\t\t\t\t\t\t\t\t\t\t\t<img fetchpriority=\"high\" decoding=\"async\" width=\"420\" height=\"612\" src=\"https:\/\/jbinstrumentos.com.br\/wp-content\/uploads\/2021\/04\/img-quem-somos-2-1.jpg\" class=\"attachment-large size-large wp-image-3435\" alt=\"\" srcset=\"https:\/\/jbinstrumentos.com.br\/wp-content\/uploads\/2021\/04\/img-quem-somos-2-1.jpg 420w, https:\/\/jbinstrumentos.com.br\/wp-content\/uploads\/2021\/04\/img-quem-somos-2-1-206x300.jpg 206w\" sizes=\"(max-width: 420px) 100vw, 420px\" \/>\t\t\t\t\t\t\t\t\t\t\t\t\t\t\t<\/div>\n\t\t\t\t<\/div>\n\t\t\t\t\t<\/div>\n\t\t<\/div>\n\t\t\t\t\t\t\t<\/div>\n\t\t<\/section>\n\t\t\t\t\t<\/div>\n\t\t<\/div>\n\t\t\t\t\t\t\t<\/div>\n\t\t<\/section>\n\t\t\t\t\t\t\t<\/div>","protected":false},"excerpt":{"rendered":"<p>&#8220;Uma Mensagem Especial de Jo\u00e3o Batista&#8221; Queridos Clientes, \u00c9 com um misto de emo\u00e7\u00f5es que venho compartilhar uma decis\u00e3o importante sobre a minha trajet\u00f3ria profissional. Ap\u00f3s muitos anos dedicados \u00e0 arte de fabricar e reparar instrumentos, decidi encerrar minha carreira como Luthier. Essa decis\u00e3o n\u00e3o foi tomada de forma leviana, mas com o cora\u00e7\u00e3o repleto [&hellip;]<\/p>","protected":false},"author":1,"featured_media":0,"parent":0,"menu_order":0,"comment_status":"closed","ping_status":"closed","template":"elementor_header_footer","meta":{"footnotes":""},"class_list":["post-3928","page","type-page","status-publish","hentry"],"acf":[],"_links":{"self":[{"href":"https:\/\/jbinstrumentos.com.br\/en\/wp-json\/wp\/v2\/pages\/3928","targetHints":{"allow":["GET"]}}],"collection":[{"href":"https:\/\/jbinstrumentos.com.br\/en\/wp-json\/wp\/v2\/pages"}],"about":[{"href":"https:\/\/jbinstrumentos.com.br\/en\/wp-json\/wp\/v2\/types\/page"}],"author":[{"embeddable":true,"href":"https:\/\/jbinstrumentos.com.br\/en\/wp-json\/wp\/v2\/users\/1"}],"replies":[{"embeddable":true,"href":"https:\/\/jbinstrumentos.com.br\/en\/wp-json\/wp\/v2\/comments?post=3928"}],"version-history":[{"count":10,"href":"https:\/\/jbinstrumentos.com.br\/en\/wp-json\/wp\/v2\/pages\/3928\/revisions"}],"predecessor-version":[{"id":3941,"href":"https:\/\/jbinstrumentos.com.br\/en\/wp-json\/wp\/v2\/pages\/3928\/revisions\/3941"}],"wp:attachment":[{"href":"https:\/\/jbinstrumentos.com.br\/en\/wp-json\/wp\/v2\/media?parent=3928"}],"curies":[{"name":"wp","href":"https:\/\/api.w.org\/{rel}","templated":true}]}}