{"id":48,"date":"2020-07-12T18:20:04","date_gmt":"2020-07-12T21:20:04","guid":{"rendered":"http:\/\/artweb.net.br\/v8\/?page_id=48"},"modified":"2021-04-13T18:07:07","modified_gmt":"2021-04-13T21:07:07","slug":"sobre-nos","status":"publish","type":"page","link":"https:\/\/jbinstrumentos.com.br\/en\/sobre-nos\/","title":{"rendered":"About Us"},"content":{"rendered":"<div data-elementor-type=\"wp-page\" data-elementor-id=\"48\" class=\"elementor elementor-48\" data-elementor-post-type=\"page\">\n\t\t\t\t\t\t\t\t\t<section class=\"elementor-section elementor-top-section elementor-element elementor-element-9a28932 elementor-section-height-min-height elementor-section-boxed elementor-section-height-default elementor-section-items-middle elementor-invisible\" data-id=\"9a28932\" data-element_type=\"section\" data-settings=\"{&quot;background_background&quot;:&quot;classic&quot;,&quot;animation&quot;:&quot;fadeInDown&quot;}\">\n\t\t\t\t\t\t<div class=\"elementor-container elementor-column-gap-default\">\n\t\t\t\t\t<div class=\"elementor-column elementor-col-100 elementor-top-column elementor-element elementor-element-3f47ea6\" data-id=\"3f47ea6\" data-element_type=\"column\">\n\t\t\t<div class=\"elementor-widget-wrap elementor-element-populated\">\n\t\t\t\t\t\t\t\t<div class=\"elementor-element elementor-element-0f21bdd elementor-widget elementor-widget-heading\" data-id=\"0f21bdd\" data-element_type=\"widget\" data-widget_type=\"heading.default\">\n\t\t\t\t<div class=\"elementor-widget-container\">\n\t\t\t<h2 class=\"elementor-heading-title elementor-size-default\">About Us<\/h2>\t\t<\/div>\n\t\t\t\t<\/div>\n\t\t\t\t\t<\/div>\n\t\t<\/div>\n\t\t\t\t\t\t\t<\/div>\n\t\t<\/section>\n\t\t\t\t<section class=\"elementor-section elementor-top-section elementor-element elementor-element-f4e2ca0 elementor-section-boxed elementor-section-height-default elementor-section-height-default\" data-id=\"f4e2ca0\" data-element_type=\"section\">\n\t\t\t\t\t\t<div class=\"elementor-container elementor-column-gap-default\">\n\t\t\t\t\t<div class=\"elementor-column elementor-col-100 elementor-top-column elementor-element elementor-element-5b8b93c\" data-id=\"5b8b93c\" data-element_type=\"column\">\n\t\t\t<div class=\"elementor-widget-wrap elementor-element-populated\">\n\t\t\t\t\t\t\t\t<div class=\"elementor-element elementor-element-6d4a2a8 elementor-widget elementor-widget-spacer\" data-id=\"6d4a2a8\" data-element_type=\"widget\" data-widget_type=\"spacer.default\">\n\t\t\t\t<div class=\"elementor-widget-container\">\n\t\t\t\t\t<div class=\"elementor-spacer\">\n\t\t\t<div class=\"elementor-spacer-inner\"><\/div>\n\t\t<\/div>\n\t\t\t\t<\/div>\n\t\t\t\t<\/div>\n\t\t\t\t\t<\/div>\n\t\t<\/div>\n\t\t\t\t\t\t\t<\/div>\n\t\t<\/section>\n\t\t\t\t<section class=\"elementor-section elementor-top-section elementor-element elementor-element-83a980f elementor-section-boxed elementor-section-height-default elementor-section-height-default elementor-invisible\" data-id=\"83a980f\" data-element_type=\"section\" data-settings=\"{&quot;animation&quot;:&quot;fadeInUp&quot;}\">\n\t\t\t\t\t\t<div class=\"elementor-container elementor-column-gap-default\">\n\t\t\t\t\t<div class=\"elementor-column elementor-col-100 elementor-top-column elementor-element elementor-element-6a67691\" data-id=\"6a67691\" data-element_type=\"column\">\n\t\t\t<div class=\"elementor-widget-wrap elementor-element-populated\">\n\t\t\t\t\t\t\t\t<section class=\"elementor-section elementor-inner-section elementor-element elementor-element-69ea7ca elementor-section-height-min-height elementor-section-boxed elementor-section-height-default\" data-id=\"69ea7ca\" data-element_type=\"section\">\n\t\t\t\t\t\t<div class=\"elementor-container elementor-column-gap-default\">\n\t\t\t\t\t<div class=\"elementor-column elementor-col-50 elementor-inner-column elementor-element elementor-element-62481a4\" data-id=\"62481a4\" data-element_type=\"column\">\n\t\t\t<div class=\"elementor-widget-wrap elementor-element-populated\">\n\t\t\t\t\t\t\t\t<div class=\"elementor-element elementor-element-a31ad2e elementor-widget elementor-widget-heading\" data-id=\"a31ad2e\" data-element_type=\"widget\" data-widget_type=\"heading.default\">\n\t\t\t\t<div class=\"elementor-widget-container\">\n\t\t\t<h2 class=\"elementor-heading-title elementor-size-default\">About Us<\/h2>\t\t<\/div>\n\t\t\t\t<\/div>\n\t\t\t\t<div class=\"elementor-element elementor-element-2c54443 elementor-widget elementor-widget-heading\" data-id=\"2c54443\" data-element_type=\"widget\" data-widget_type=\"heading.default\">\n\t\t\t\t<div class=\"elementor-widget-container\">\n\t\t\t<h2 class=\"elementor-heading-title elementor-size-default\">Why choose us<\/h2>\t\t<\/div>\n\t\t\t\t<\/div>\n\t\t\t\t<div class=\"elementor-element elementor-element-f193bed elementor-widget elementor-widget-text-editor\" data-id=\"f193bed\" data-element_type=\"widget\" data-widget_type=\"text-editor.default\">\n\t\t\t\t<div class=\"elementor-widget-container\">\n\t\t\t\t\t\t\t<p>Jo\u00e3o Batista Trajano dos Santos, mentor and owner of the famous brand JB. Master in the art of making musical instruments, his brand is already known and respected in the demanding national and even international market.<\/p><p>Born in 1954 in the city of Caapor\u00e3, 50 km from Jo\u00e3o Pessoa, in 1974 he came to S\u00e3o Paulo where he worked at the Giannini factory, staying for 15 years. He worked in parallel at the factory and at home, later opting for self-employment, coming out of the factory.<\/p><p>Its raw materials come from the United States, Canada, Germany, Japan, India, among others. Among the materials used, the preferred ones are the classic ones such as Jacarand\u00e1 da Bahia, European Fir and Indian Ebony, technically acclimatized and considered the best in the world.<\/p><p>He has already had the privilege of exporting his products to Germany, the United States, Japan, Portugal, Peru, Africa, Italy and England, being known in the four corners of the world.<\/p>\t\t\t\t\t\t<\/div>\n\t\t\t\t<\/div>\n\t\t\t\t\t<\/div>\n\t\t<\/div>\n\t\t\t\t<div class=\"elementor-column elementor-col-50 elementor-inner-column elementor-element elementor-element-fea8e30\" data-id=\"fea8e30\" data-element_type=\"column\">\n\t\t\t<div class=\"elementor-widget-wrap elementor-element-populated\">\n\t\t\t\t\t\t\t\t<div class=\"elementor-element elementor-element-7867914 elementor-widget elementor-widget-image\" data-id=\"7867914\" data-element_type=\"widget\" data-widget_type=\"image.default\">\n\t\t\t\t<div class=\"elementor-widget-container\">\n\t\t\t\t\t\t\t\t\t\t\t\t\t\t\t<img fetchpriority=\"high\" decoding=\"async\" width=\"420\" height=\"612\" src=\"https:\/\/jbinstrumentos.com.br\/wp-content\/uploads\/2021\/04\/img-quem-somos-2-1.jpg\" class=\"attachment-large size-large wp-image-3435\" alt=\"\" srcset=\"https:\/\/jbinstrumentos.com.br\/wp-content\/uploads\/2021\/04\/img-quem-somos-2-1.jpg 420w, https:\/\/jbinstrumentos.com.br\/wp-content\/uploads\/2021\/04\/img-quem-somos-2-1-206x300.jpg 206w\" sizes=\"(max-width: 420px) 100vw, 420px\" \/>\t\t\t\t\t\t\t\t\t\t\t\t\t\t\t<\/div>\n\t\t\t\t<\/div>\n\t\t\t\t\t<\/div>\n\t\t<\/div>\n\t\t\t\t\t\t\t<\/div>\n\t\t<\/section>\n\t\t\t\t\t<\/div>\n\t\t<\/div>\n\t\t\t\t\t\t\t<\/div>\n\t\t<\/section>\n\t\t\t\t<section class=\"elementor-section elementor-top-section elementor-element elementor-element-84c0a2a elementor-section-height-min-height elementor-section-boxed elementor-section-height-default elementor-section-items-middle elementor-invisible\" data-id=\"84c0a2a\" data-element_type=\"section\" data-settings=\"{&quot;background_background&quot;:&quot;classic&quot;,&quot;animation&quot;:&quot;fadeInUp&quot;}\">\n\t\t\t\t\t\t<div class=\"elementor-container elementor-column-gap-default\">\n\t\t\t\t\t<div class=\"elementor-column elementor-col-100 elementor-top-column elementor-element elementor-element-9ced3bd\" data-id=\"9ced3bd\" data-element_type=\"column\">\n\t\t\t<div class=\"elementor-widget-wrap elementor-element-populated\">\n\t\t\t\t\t\t\t\t<div class=\"elementor-element elementor-element-82800be elementor-widget elementor-widget-shortcode\" data-id=\"82800be\" data-element_type=\"widget\" data-widget_type=\"shortcode.default\">\n\t\t\t\t<div class=\"elementor-widget-container\">\n\t\t\t\t\t<div class=\"elementor-shortcode\"><div class=\"fancy-video\">\n<a id=\"play-video\" class=\"video-play-button\" href=\"https:\/\/www.youtube.com\/watch?v=Gy2OzBgiEaw\">\n  <span><\/span>\n<\/a>\n<\/div><\/div>\n\t\t\t\t<\/div>\n\t\t\t\t<\/div>\n\t\t\t\t\t<\/div>\n\t\t<\/div>\n\t\t\t\t\t\t\t<\/div>\n\t\t<\/section>\n\t\t\t\t<section class=\"elementor-section elementor-top-section elementor-element elementor-element-f0135f5 elementor-section-boxed elementor-section-height-default elementor-section-height-default elementor-invisible\" data-id=\"f0135f5\" data-element_type=\"section\" data-settings=\"{&quot;animation&quot;:&quot;fadeInUp&quot;}\">\n\t\t\t\t\t\t<div class=\"elementor-container elementor-column-gap-default\">\n\t\t\t\t\t<div class=\"elementor-column elementor-col-100 elementor-top-column elementor-element elementor-element-e67d264\" data-id=\"e67d264\" data-element_type=\"column\" data-settings=\"{&quot;background_background&quot;:&quot;classic&quot;}\">\n\t\t\t<div class=\"elementor-widget-wrap elementor-element-populated\">\n\t\t\t\t\t\t\t\t<div class=\"elementor-element elementor-element-8c98d8f elementor-widget elementor-widget-heading\" data-id=\"8c98d8f\" data-element_type=\"widget\" data-widget_type=\"heading.default\">\n\t\t\t\t<div class=\"elementor-widget-container\">\n\t\t\t<h2 class=\"elementor-heading-title elementor-size-default\">Meet the LUTHIER<\/h2>\t\t<\/div>\n\t\t\t\t<\/div>\n\t\t\t\t<div class=\"elementor-element elementor-element-caaa6a0 elementor-widget elementor-widget-heading\" data-id=\"caaa6a0\" data-element_type=\"widget\" data-widget_type=\"heading.default\">\n\t\t\t\t<div class=\"elementor-widget-container\">\n\t\t\t<h2 class=\"elementor-heading-title elementor-size-default\">Jo\u00e3o Batista<\/h2>\t\t<\/div>\n\t\t\t\t<\/div>\n\t\t\t\t<div class=\"elementor-element elementor-element-b7e7327 elementor-widget elementor-widget-text-editor\" data-id=\"b7e7327\" data-element_type=\"widget\" data-widget_type=\"text-editor.default\">\n\t\t\t\t<div class=\"elementor-widget-container\">\n\t\t\t\t\t\t\t<p>My name is Jo\u00e3o Batista, owner of JB Instruments. I am a handmade builder of acoustic and electroacoustic instruments, a profession known as Luthier. The main objective of the company is to build customized and high quality instruments, on demand, serving the most demanding customers and in the various segments of music.<\/p>\t\t\t\t\t\t<\/div>\n\t\t\t\t<\/div>\n\t\t\t\t\t<\/div>\n\t\t<\/div>\n\t\t\t\t\t\t\t<\/div>\n\t\t<\/section>\n\t\t\t\t\t\t\t<\/div>","protected":false},"excerpt":{"rendered":"<p>About us About us Why choose us Jo\u00e3o Batista Trajano dos Santos, mentor and owner of the famous JB brand. A master in the art of manufacturing musical instruments, his brand is already known and respected in the demanding national and even international market. Born in 1954 in the city of Caapor\u00e3, which is 50 km from Jo\u00e3o [\u2026]<\/p>","protected":false},"author":1,"featured_media":0,"parent":0,"menu_order":0,"comment_status":"closed","ping_status":"closed","template":"elementor_header_footer","meta":{"footnotes":""},"class_list":["post-48","page","type-page","status-publish","hentry"],"acf":[],"_links":{"self":[{"href":"https:\/\/jbinstrumentos.com.br\/en\/wp-json\/wp\/v2\/pages\/48","targetHints":{"allow":["GET"]}}],"collection":[{"href":"https:\/\/jbinstrumentos.com.br\/en\/wp-json\/wp\/v2\/pages"}],"about":[{"href":"https:\/\/jbinstrumentos.com.br\/en\/wp-json\/wp\/v2\/types\/page"}],"author":[{"embeddable":true,"href":"https:\/\/jbinstrumentos.com.br\/en\/wp-json\/wp\/v2\/users\/1"}],"replies":[{"embeddable":true,"href":"https:\/\/jbinstrumentos.com.br\/en\/wp-json\/wp\/v2\/comments?post=48"}],"version-history":[{"count":169,"href":"https:\/\/jbinstrumentos.com.br\/en\/wp-json\/wp\/v2\/pages\/48\/revisions"}],"predecessor-version":[{"id":3597,"href":"https:\/\/jbinstrumentos.com.br\/en\/wp-json\/wp\/v2\/pages\/48\/revisions\/3597"}],"wp:attachment":[{"href":"https:\/\/jbinstrumentos.com.br\/en\/wp-json\/wp\/v2\/media?parent=48"}],"curies":[{"name":"wp","href":"https:\/\/api.w.org\/{rel}","templated":true}]}}