{"id":3928,"date":"2024-12-16T15:02:06","date_gmt":"2024-12-16T18:02:06","guid":{"rendered":"https:\/\/jbinstrumentos.com.br\/?page_id=3928"},"modified":"2024-12-16T15:05:59","modified_gmt":"2024-12-16T18:05:59","slug":"uma-mensagem-especial-de-joao-batista","status":"publish","type":"page","link":"https:\/\/jbinstrumentos.com.br\/es\/uma-mensagem-especial-de-joao-batista\/","title":{"rendered":"Un mensaje especial de Juan el Bautista"},"content":{"rendered":"<div data-elementor-type=\"wp-page\" data-elementor-id=\"3928\" class=\"elementor elementor-3928\" data-elementor-post-type=\"page\">\n\t\t\t\t\t\t\t\t\t<section class=\"elementor-section elementor-top-section elementor-element elementor-element-9a28932 elementor-section-height-min-height elementor-section-boxed elementor-section-height-default elementor-section-items-middle elementor-invisible\" data-id=\"9a28932\" data-element_type=\"section\" data-settings=\"{&quot;background_background&quot;:&quot;classic&quot;,&quot;animation&quot;:&quot;fadeInDown&quot;}\">\n\t\t\t\t\t\t<div class=\"elementor-container elementor-column-gap-default\">\n\t\t\t\t\t<div class=\"elementor-column elementor-col-100 elementor-top-column elementor-element elementor-element-3f47ea6\" data-id=\"3f47ea6\" data-element_type=\"column\">\n\t\t\t<div class=\"elementor-widget-wrap elementor-element-populated\">\n\t\t\t\t\t\t\t\t<div class=\"elementor-element elementor-element-0f21bdd elementor-widget elementor-widget-heading\" data-id=\"0f21bdd\" data-element_type=\"widget\" data-widget_type=\"heading.default\">\n\t\t\t\t<div class=\"elementor-widget-container\">\n\t\t\t<h2 class=\"elementor-heading-title elementor-size-default\">&quot;Un mensaje especial de Juan el Bautista&quot;<\/h2>\t\t<\/div>\n\t\t\t\t<\/div>\n\t\t\t\t\t<\/div>\n\t\t<\/div>\n\t\t\t\t\t\t\t<\/div>\n\t\t<\/section>\n\t\t\t\t<section class=\"elementor-section elementor-top-section elementor-element elementor-element-f4e2ca0 elementor-section-boxed elementor-section-height-default elementor-section-height-default\" data-id=\"f4e2ca0\" data-element_type=\"section\">\n\t\t\t\t\t\t<div class=\"elementor-container elementor-column-gap-default\">\n\t\t\t\t\t<div class=\"elementor-column elementor-col-100 elementor-top-column elementor-element elementor-element-5b8b93c\" data-id=\"5b8b93c\" data-element_type=\"column\">\n\t\t\t<div class=\"elementor-widget-wrap elementor-element-populated\">\n\t\t\t\t\t\t\t\t<div class=\"elementor-element elementor-element-6d4a2a8 elementor-widget elementor-widget-spacer\" data-id=\"6d4a2a8\" data-element_type=\"widget\" data-widget_type=\"spacer.default\">\n\t\t\t\t<div class=\"elementor-widget-container\">\n\t\t\t\t\t<div class=\"elementor-spacer\">\n\t\t\t<div class=\"elementor-spacer-inner\"><\/div>\n\t\t<\/div>\n\t\t\t\t<\/div>\n\t\t\t\t<\/div>\n\t\t\t\t\t<\/div>\n\t\t<\/div>\n\t\t\t\t\t\t\t<\/div>\n\t\t<\/section>\n\t\t\t\t<section class=\"elementor-section elementor-top-section elementor-element elementor-element-83a980f elementor-section-boxed elementor-section-height-default elementor-section-height-default elementor-invisible\" data-id=\"83a980f\" data-element_type=\"section\" data-settings=\"{&quot;animation&quot;:&quot;fadeInUp&quot;}\">\n\t\t\t\t\t\t<div class=\"elementor-container elementor-column-gap-default\">\n\t\t\t\t\t<div class=\"elementor-column elementor-col-100 elementor-top-column elementor-element elementor-element-6a67691\" data-id=\"6a67691\" data-element_type=\"column\">\n\t\t\t<div class=\"elementor-widget-wrap elementor-element-populated\">\n\t\t\t\t\t\t\t\t<section class=\"elementor-section elementor-inner-section elementor-element elementor-element-69ea7ca elementor-section-height-min-height elementor-section-boxed elementor-section-height-default\" data-id=\"69ea7ca\" data-element_type=\"section\">\n\t\t\t\t\t\t<div class=\"elementor-container elementor-column-gap-default\">\n\t\t\t\t\t<div class=\"elementor-column elementor-col-50 elementor-inner-column elementor-element elementor-element-62481a4\" data-id=\"62481a4\" data-element_type=\"column\">\n\t\t\t<div class=\"elementor-widget-wrap elementor-element-populated\">\n\t\t\t\t\t\t\t\t<div class=\"elementor-element elementor-element-2c54443 elementor-widget elementor-widget-heading\" data-id=\"2c54443\" data-element_type=\"widget\" data-widget_type=\"heading.default\">\n\t\t\t\t<div class=\"elementor-widget-container\">\n\t\t\t<h2 class=\"elementor-heading-title elementor-size-default\">Estimados clientes,\n<\/h2>\t\t<\/div>\n\t\t\t\t<\/div>\n\t\t\t\t<div class=\"elementor-element elementor-element-f193bed elementor-widget elementor-widget-text-editor\" data-id=\"f193bed\" data-element_type=\"widget\" data-widget_type=\"text-editor.default\">\n\t\t\t\t<div class=\"elementor-widget-container\">\n\t\t\t\t\t\t\t<p>Es con una mezcla de emociones que vengo a compartirles una decisi\u00f3n importante sobre mi carrera profesional. Despu\u00e9s de muchos a\u00f1os dedicado al arte de fabricar y reparar instrumentos, decid\u00ed poner fin a mi carrera como Luthier. Esta decisi\u00f3n no fue tomada a la ligera, sino con el coraz\u00f3n lleno de gratitud y recuerdos inolvidables que constru\u00ed a lo largo de los a\u00f1os junto a ti.<\/p><p>Para conmemorar este momento tan especial y como forma de agradecerles por el apoyo y la confianza que siempre me han brindado, me complace anunciarles el lanzamiento de mi <strong>L\u00ednea Premium<\/strong> despedida. Esta colecci\u00f3n exclusiva representa la culminaci\u00f3n de mi experiencia y pasi\u00f3n por Lutheria, y fue creada con el mayor cuidado y atenci\u00f3n al detalle que siempre ha guiado mi trabajo.<\/p><p>Cada instrumento en este <strong>L\u00ednea Premium<\/strong> Es una pieza \u00fanica, resultado de a\u00f1os de experiencia e innovaci\u00f3n, y representa la culminaci\u00f3n de lo que siempre he buscado ofrecer: calidad de sonido, belleza est\u00e9tica y durabilidad incomparables. Es mi manera de dejar un legado duradero y expresar mi gratitud a todos y cada uno de ustedes que han sido parte de este viaje.<\/p><p>Estoy inmensamente agradecido por cada momento compartido, por las historias contadas y por los sonidos que creamos juntos. Sigue haciendo m\u00fasica, expresando tus emociones y tocando corazones. Estoy seguro de que esta l\u00ednea de despedida ser\u00e1 un recordatorio eterno del v\u00ednculo especial que establecimos.<\/p><p><strong>Con un cordial saludo y eterna gratitud,<\/strong><br \/><strong>Jo\u00e3o Batista<\/strong><\/p>\t\t\t\t\t\t<\/div>\n\t\t\t\t<\/div>\n\t\t\t\t\t<\/div>\n\t\t<\/div>\n\t\t\t\t<div class=\"elementor-column elementor-col-50 elementor-inner-column elementor-element elementor-element-fea8e30\" data-id=\"fea8e30\" data-element_type=\"column\">\n\t\t\t<div class=\"elementor-widget-wrap elementor-element-populated\">\n\t\t\t\t\t\t\t\t<div class=\"elementor-element elementor-element-7867914 elementor-widget elementor-widget-image\" data-id=\"7867914\" data-element_type=\"widget\" data-widget_type=\"image.default\">\n\t\t\t\t<div class=\"elementor-widget-container\">\n\t\t\t\t\t\t\t\t\t\t\t\t\t\t\t<img fetchpriority=\"high\" decoding=\"async\" width=\"420\" height=\"612\" src=\"https:\/\/jbinstrumentos.com.br\/wp-content\/uploads\/2021\/04\/img-quem-somos-2-1.jpg\" class=\"attachment-large size-large wp-image-3435\" alt=\"\" srcset=\"https:\/\/jbinstrumentos.com.br\/wp-content\/uploads\/2021\/04\/img-quem-somos-2-1.jpg 420w, https:\/\/jbinstrumentos.com.br\/wp-content\/uploads\/2021\/04\/img-quem-somos-2-1-206x300.jpg 206w\" sizes=\"(max-width: 420px) 100vw, 420px\" \/>\t\t\t\t\t\t\t\t\t\t\t\t\t\t\t<\/div>\n\t\t\t\t<\/div>\n\t\t\t\t\t<\/div>\n\t\t<\/div>\n\t\t\t\t\t\t\t<\/div>\n\t\t<\/section>\n\t\t\t\t\t<\/div>\n\t\t<\/div>\n\t\t\t\t\t\t\t<\/div>\n\t\t<\/section>\n\t\t\t\t\t\t\t<\/div>","protected":false},"excerpt":{"rendered":"<p>\u201cUn mensaje especial de Juan el Bautista\u201d Estimados clientes: Con sentimientos encontrados, les comparto una decisi\u00f3n importante sobre mi carrera profesional. Tras muchos a\u00f1os dedicado al arte de la fabricaci\u00f3n y reparaci\u00f3n de instrumentos, he decidido poner fin a mi carrera como luthier. Esta decisi\u00f3n no fue a la ligera, sino con un coraz\u00f3n lleno de [\u2026]<\/p>","protected":false},"author":1,"featured_media":0,"parent":0,"menu_order":0,"comment_status":"closed","ping_status":"closed","template":"elementor_header_footer","meta":{"footnotes":""},"class_list":["post-3928","page","type-page","status-publish","hentry"],"acf":[],"_links":{"self":[{"href":"https:\/\/jbinstrumentos.com.br\/es\/wp-json\/wp\/v2\/pages\/3928","targetHints":{"allow":["GET"]}}],"collection":[{"href":"https:\/\/jbinstrumentos.com.br\/es\/wp-json\/wp\/v2\/pages"}],"about":[{"href":"https:\/\/jbinstrumentos.com.br\/es\/wp-json\/wp\/v2\/types\/page"}],"author":[{"embeddable":true,"href":"https:\/\/jbinstrumentos.com.br\/es\/wp-json\/wp\/v2\/users\/1"}],"replies":[{"embeddable":true,"href":"https:\/\/jbinstrumentos.com.br\/es\/wp-json\/wp\/v2\/comments?post=3928"}],"version-history":[{"count":10,"href":"https:\/\/jbinstrumentos.com.br\/es\/wp-json\/wp\/v2\/pages\/3928\/revisions"}],"predecessor-version":[{"id":3941,"href":"https:\/\/jbinstrumentos.com.br\/es\/wp-json\/wp\/v2\/pages\/3928\/revisions\/3941"}],"wp:attachment":[{"href":"https:\/\/jbinstrumentos.com.br\/es\/wp-json\/wp\/v2\/media?parent=3928"}],"curies":[{"name":"wp","href":"https:\/\/api.w.org\/{rel}","templated":true}]}}